{"id":241,"date":"2023-10-17T10:06:21","date_gmt":"2023-10-17T08:06:21","guid":{"rendered":"http:\/\/mnkrkzk.cluster028.hosting.ovh.net\/terms-of-use\/"},"modified":"2023-10-17T10:06:21","modified_gmt":"2023-10-17T08:06:21","slug":"terms-of-use","status":"publish","type":"page","link":"https:\/\/24hvpowerconnectors.com\/en\/terms-of-use\/","title":{"rendered":"Terms of use"},"content":{"rendered":"\n<p><strong>1. Legal information<\/strong><\/p>\n\n\n\n<p><\/p>\n\n\n\n<p><strong>Company name:<\/strong> 24HV &#8211; Power Connectors<\/p>\n\n\n\n<p><strong>Legal representative: Fr\u00e9d\u00e9ric RUSSO<\/strong><\/p>\n\n\n\n<p><strong>Head office address: 10 c\u00f4te de Cavanac, 11250 Couffoulens, France<\/strong><\/p>\n\n\n\n<p><strong>Telephone number: +33 631 745 594<\/strong><\/p>\n\n\n\n<p><strong>SIRET number: 91782723000017<\/strong><\/p>\n\n\n\n<p><strong>Intracommunity VAT number: FR29917827230<\/strong><\/p>\n\n\n\n<p><\/p>\n\n\n\n<p><strong>2. Site hosting<\/strong><\/p>\n\n\n\n<p>The site is hosted by :<\/p>\n\n\n\n<p><strong>OVH SAS<\/strong><br>2 rue Kellermann,<br>59100 Roubaix,<br>France.<\/p>\n\n\n\n<p><\/p>\n\n\n\n<p><strong>3. Intellectual property<\/strong><\/p>\n\n\n\n<p>All elements on the site, including but not limited to text, images, graphics, logos, icons, sounds and software, are the exclusive property of 24HV &#8211; Power Connectors or its partners. Any reproduction, representation, modification, publication, adaptation of all or part of the elements of the site, whatever the means or process used, is forbidden without the prior written authorization of Fr\u00e9d\u00e9ric RUSSO.<\/p>\n\n\n\n<p><\/p>\n\n\n\n<p><strong>4. Limitation de responsabilit\u00e9<\/strong><\/p>\n\n\n\n<p>24HV &#8211; Power Connectors cannot be held responsible for any direct or indirect errors resulting from the use of this site, or from the impossibility for a third party to use it, or for any malfunction, interruption or virus resulting from access to or use of this site or any sites linked to it.<\/p>\n\n\n\n<p><\/p>\n\n\n\n<p><strong>5. Update of legal notices<\/strong><\/p>\n\n\n\n<p>24HV &#8211; Power Connectors reserves the right to update this legal notice at any time. Users are therefore advised to consult this page regularly for any changes.<\/p>\n\n\n\n<p><\/p>\n\n\n\n<p><strong>6. Contact<\/strong><\/p>\n\n\n\n<p>If you have any questions about this legal notice, please contact Fr\u00e9d\u00e9ric RUSSO at the above address or by telephone on +33 631 745 594.<\/p>\n","protected":false},"excerpt":{"rendered":"<p>1. Legal information Company name: 24HV &#8211; Power Connectors Legal representative: Fr\u00e9d\u00e9ric RUSSO Head office address: 10 c\u00f4te de Cavanac, 11250 Couffoulens, France Telephone number: +33 631 745 594 SIRET number: 91782723000017 Intracommunity VAT number: FR29917827230 2. Site hosting The site is hosted by : OVH SAS2 rue Kellermann,59100 Roubaix,France. 3. Intellectual property All elements [&hellip;]<\/p>\n","protected":false},"author":1,"featured_media":0,"parent":0,"menu_order":0,"comment_status":"closed","ping_status":"closed","template":"","meta":{"_et_pb_use_builder":"off","_et_pb_old_content":"","_et_gb_content_width":"","_monsterinsights_skip_tracking":false,"_monsterinsights_sitenote_active":false,"_monsterinsights_sitenote_note":"","_monsterinsights_sitenote_category":0,"footnotes":""},"class_list":["post-241","page","type-page","status-publish","hentry"],"_links":{"self":[{"href":"https:\/\/24hvpowerconnectors.com\/en\/wp-json\/wp\/v2\/pages\/241","targetHints":{"allow":["GET"]}}],"collection":[{"href":"https:\/\/24hvpowerconnectors.com\/en\/wp-json\/wp\/v2\/pages"}],"about":[{"href":"https:\/\/24hvpowerconnectors.com\/en\/wp-json\/wp\/v2\/types\/page"}],"author":[{"embeddable":true,"href":"https:\/\/24hvpowerconnectors.com\/en\/wp-json\/wp\/v2\/users\/1"}],"replies":[{"embeddable":true,"href":"https:\/\/24hvpowerconnectors.com\/en\/wp-json\/wp\/v2\/comments?post=241"}],"version-history":[{"count":0,"href":"https:\/\/24hvpowerconnectors.com\/en\/wp-json\/wp\/v2\/pages\/241\/revisions"}],"wp:attachment":[{"href":"https:\/\/24hvpowerconnectors.com\/en\/wp-json\/wp\/v2\/media?parent=241"}],"curies":[{"name":"wp","href":"https:\/\/api.w.org\/{rel}","templated":true}]}}